{"id":72,"date":"2021-10-29T20:32:49","date_gmt":"2021-10-29T20:32:49","guid":{"rendered":"https:\/\/friedenskreis.de\/?page_id=72"},"modified":"2021-11-06T09:49:20","modified_gmt":"2021-11-06T09:49:20","slug":"geschichte-des-fk","status":"publish","type":"page","link":"https:\/\/friedenskreis.de\/?page_id=72","title":{"rendered":"Geschichte des FK"},"content":{"rendered":"\n<p>Die Friedensinitiative Havixbeck<\/p>\n\n\n\n<p>Im Rahmen des Geschichtswettbewerbs des Bundespr\u00e4sidenten 2015 untersuchten zwei Sch\u00fclerinnen der AFG die Geschichte der Friedensarbeit in Havixbeck<\/p>\n\n\n\n<div class=\"wp-block-image\"><figure class=\"alignright size-medium is-resized\"><a href=\"https:\/\/friedenskreis.de\/wp-content\/uploads\/2021\/10\/DSCF5974-scaled.jpg\"><img loading=\"lazy\" src=\"https:\/\/friedenskreis.de\/wp-content\/uploads\/2021\/10\/DSCF5974-300x169.jpg\" alt=\"\" class=\"wp-image-78\" width=\"225\" height=\"127\" srcset=\"https:\/\/friedenskreis.de\/wp-content\/uploads\/2021\/10\/DSCF5974-300x169.jpg 300w, https:\/\/friedenskreis.de\/wp-content\/uploads\/2021\/10\/DSCF5974-1024x575.jpg 1024w, https:\/\/friedenskreis.de\/wp-content\/uploads\/2021\/10\/DSCF5974-768x432.jpg 768w, https:\/\/friedenskreis.de\/wp-content\/uploads\/2021\/10\/DSCF5974-1536x863.jpg 1536w, https:\/\/friedenskreis.de\/wp-content\/uploads\/2021\/10\/DSCF5974-2048x1151.jpg 2048w\" sizes=\"(max-width: 225px) 100vw, 225px\" \/><\/a><\/figure><\/div>\n\n\n\n<p>Havixbeck. Anfang der 1980er Jahre gr\u00fcndete sich in Havixbeck eine Gruppe, die damals viel Aufsehen erregte. Sie nannte sich \u201eFriedensinitiative Havixbeck\u201c.&nbsp; Im Rahmen des Geschichtswettbewerbs des deutschen Bundespr\u00e4sidenten 2015 mit dem Thema \u201eAnders sein \u2013 Au\u00dfenseiter in der Geschichte\u201c besch\u00e4ftigten sich nun zwei Sch\u00fclerinnen der Anne-Frank-Gesamtschule Havixbeck (AFG) mit dieser Organisation. Ihr Fazit: \u201eDie Gruppe war in der Tat anders, sicher auch Au\u00dfenseiter. Sie blieb es aber nicht.\u201c Ann-Kathrin Spreer und Sarah Heithoff, beide im neunten Jahrgang an der AFG, recherchierten die Geschichte der damaligen Friedensinitiative Havixbeck genau und ver\u00f6ffentlichten sie nun &nbsp;in einer umfangreichen Arbeit. Dr. Christa Degemann-Lickes und Roger Reinhard, die in der damaligen Friedensinitiative ma\u00dfgeblich mitwirkten und noch heute in Havixbeck Friedensarbeit machen, nahmen diese Arbeit freudig entgegen. <\/p>\n\n\n<div style=\"text-align: center; width:480px; margin: 12px auto;\"><div style=\"margin: 4px 0px;\"><a href=\"http:\/\/calameo.com\/books\/0015456593c7605abda3b\">View this publication on Calam&eacute;o<\/a><\/div><iframe src=\"\/\/v.calameo.com\/?bkcode=0015456593c7605abda3b&amp;language=de&amp;page=&amp;showsharemenu=true&amp;mode=viewer\" width=\"480\" height=\"300\" style=\"width:480px;height:300px\" frameborder=\"0\" scrolling=\"no\" allowtransparency allowfullscreen><\/iframe><div style=\"margin: 4px 0px; font-size: 90%;\"><a rel=\"nofollow\" href=\"http:\/\/calameo.com\/upload\">Publish<\/a> at <a href=\"http:\/\/calameo.com\">Calam&eacute;o<\/a> or <a href=\"http:\/\/calameo.com\/browse\/weekly\/?o=7&amp;w=DESC\">browse<\/a> the library.<\/div><\/div>\n\n\n\n<div class=\"wp-block-file\"><object class=\"wp-block-file__embed\" data=\"https:\/\/friedenskreis.de\/wp-content\/uploads\/2021\/10\/Die-Friedensinitiative-Havixbeck.pdf\" type=\"application\/pdf\" style=\"width:100%;height:442px\" aria-label=\"Einbettung von Die-Friedensinitiative-Havixbeck.\"><\/object><a href=\"https:\/\/friedenskreis.de\/wp-content\/uploads\/2021\/10\/Die-Friedensinitiative-Havixbeck.pdf\">Die-Friedensinitiative-Havixbeck<\/a><a href=\"https:\/\/friedenskreis.de\/wp-content\/uploads\/2021\/10\/Die-Friedensinitiative-Havixbeck.pdf\" class=\"wp-block-file__button\" download>Herunterladen<\/a><\/div>\n\n\n\n<p>Und gerne erinnerten sie sich an die vielen bunten Aktionen, mit denen sie in den 1980er Jahren in Havixbeck auf das Friedensthema aufmerksam machten. Die Initiative beteiligte sich zum Bespiel am Karnevalsumzug in Havixbeck. 1982 w\u00e4hlte sie daf\u00fcr das Thema \u201eWir schieben f\u00fcr den Frieden\u201c. Die Gruppe hatte einen Panzer mit geknotetem Rohr gebastelt. Die Botschaft:&nbsp; \u201eFrieden schaffen ohne Waffen\u201c. 1983 waren die Mitglieder der Friedensinitiative wieder am Karnevalsumzug beteiligt. Und sie hatten das Gl\u00fcck, den Zug anzuf\u00fchren k\u00f6nnen. Sie verkleideten sich als Indianer. Ihr Motto: \u201eIndianer vom Stamm der wei\u00dfen Taube auf dem Friedenspfad\u201c.&nbsp; Als \u201enormale\u201c Besucher des Rosenmontagsumzug die Friedensaktivisten als Spitze des Zuges sahen, kamen \u2013 so erinnerte sich Christa Degemann-Lickes &#8211; auch kritische Kommentare: \u201eDas f\u00e4ngt ja schon gut an!\u201c<\/p>\n\n\n\n<figure class=\"wp-block-gallery columns-6 is-cropped\"><ul class=\"blocks-gallery-grid\"><li class=\"blocks-gallery-item\"><figure><a href=\"https:\/\/friedenskreis.de\/wp-content\/uploads\/2021\/10\/Friedenskreis-Logo003.jpg\"><img loading=\"lazy\" width=\"150\" height=\"150\" src=\"https:\/\/friedenskreis.de\/wp-content\/uploads\/2021\/10\/Friedenskreis-Logo003-150x150.jpg\" alt=\"\" data-id=\"81\" data-full-url=\"https:\/\/friedenskreis.de\/wp-content\/uploads\/2021\/10\/Friedenskreis-Logo003.jpg\" data-link=\"https:\/\/friedenskreis.de\/?attachment_id=81\" class=\"wp-image-81\" srcset=\"https:\/\/friedenskreis.de\/wp-content\/uploads\/2021\/10\/Friedenskreis-Logo003-150x150.jpg 150w, https:\/\/friedenskreis.de\/wp-content\/uploads\/2021\/10\/Friedenskreis-Logo003-100x100.jpg 100w\" sizes=\"(max-width: 150px) 100vw, 150px\" \/><\/a><\/figure><\/li><li class=\"blocks-gallery-item\"><figure><a href=\"https:\/\/friedenskreis.de\/wp-content\/uploads\/2021\/10\/Friedenskreis-Logo004.jpg\"><img loading=\"lazy\" width=\"150\" height=\"150\" src=\"https:\/\/friedenskreis.de\/wp-content\/uploads\/2021\/10\/Friedenskreis-Logo004-150x150.jpg\" alt=\"\" data-id=\"82\" data-full-url=\"https:\/\/friedenskreis.de\/wp-content\/uploads\/2021\/10\/Friedenskreis-Logo004.jpg\" data-link=\"https:\/\/friedenskreis.de\/?attachment_id=82\" class=\"wp-image-82\" srcset=\"https:\/\/friedenskreis.de\/wp-content\/uploads\/2021\/10\/Friedenskreis-Logo004-150x150.jpg 150w, https:\/\/friedenskreis.de\/wp-content\/uploads\/2021\/10\/Friedenskreis-Logo004-100x100.jpg 100w\" sizes=\"(max-width: 150px) 100vw, 150px\" \/><\/a><\/figure><\/li><li class=\"blocks-gallery-item\"><figure><a href=\"https:\/\/friedenskreis.de\/wp-content\/uploads\/2021\/10\/Friedenskreis-Logo005.jpg\"><img loading=\"lazy\" width=\"150\" height=\"150\" src=\"https:\/\/friedenskreis.de\/wp-content\/uploads\/2021\/10\/Friedenskreis-Logo005-150x150.jpg\" alt=\"\" data-id=\"83\" data-full-url=\"https:\/\/friedenskreis.de\/wp-content\/uploads\/2021\/10\/Friedenskreis-Logo005.jpg\" data-link=\"https:\/\/friedenskreis.de\/?attachment_id=83\" class=\"wp-image-83\" srcset=\"https:\/\/friedenskreis.de\/wp-content\/uploads\/2021\/10\/Friedenskreis-Logo005-150x150.jpg 150w, https:\/\/friedenskreis.de\/wp-content\/uploads\/2021\/10\/Friedenskreis-Logo005-100x100.jpg 100w\" sizes=\"(max-width: 150px) 100vw, 150px\" \/><\/a><\/figure><\/li><li class=\"blocks-gallery-item\"><figure><a href=\"https:\/\/friedenskreis.de\/wp-content\/uploads\/2021\/10\/Karneval-1982001.jpg\"><img loading=\"lazy\" width=\"150\" height=\"150\" src=\"https:\/\/friedenskreis.de\/wp-content\/uploads\/2021\/10\/Karneval-1982001-150x150.jpg\" alt=\"\" data-id=\"84\" data-full-url=\"https:\/\/friedenskreis.de\/wp-content\/uploads\/2021\/10\/Karneval-1982001.jpg\" data-link=\"https:\/\/friedenskreis.de\/?attachment_id=84\" class=\"wp-image-84\" srcset=\"https:\/\/friedenskreis.de\/wp-content\/uploads\/2021\/10\/Karneval-1982001-150x150.jpg 150w, https:\/\/friedenskreis.de\/wp-content\/uploads\/2021\/10\/Karneval-1982001-100x100.jpg 100w\" sizes=\"(max-width: 150px) 100vw, 150px\" \/><\/a><\/figure><\/li><li class=\"blocks-gallery-item\"><figure><a href=\"https:\/\/friedenskreis.de\/wp-content\/uploads\/2021\/10\/Karneval-1982002.jpg\"><img loading=\"lazy\" width=\"150\" height=\"150\" src=\"https:\/\/friedenskreis.de\/wp-content\/uploads\/2021\/10\/Karneval-1982002-150x150.jpg\" alt=\"\" data-id=\"85\" data-full-url=\"https:\/\/friedenskreis.de\/wp-content\/uploads\/2021\/10\/Karneval-1982002.jpg\" data-link=\"https:\/\/friedenskreis.de\/?attachment_id=85\" class=\"wp-image-85\" srcset=\"https:\/\/friedenskreis.de\/wp-content\/uploads\/2021\/10\/Karneval-1982002-150x150.jpg 150w, https:\/\/friedenskreis.de\/wp-content\/uploads\/2021\/10\/Karneval-1982002-100x100.jpg 100w\" sizes=\"(max-width: 150px) 100vw, 150px\" \/><\/a><\/figure><\/li><li class=\"blocks-gallery-item\"><figure><a href=\"https:\/\/friedenskreis.de\/wp-content\/uploads\/2021\/10\/Karneval-1982003.jpg\"><img loading=\"lazy\" width=\"150\" height=\"150\" src=\"https:\/\/friedenskreis.de\/wp-content\/uploads\/2021\/10\/Karneval-1982003-150x150.jpg\" alt=\"\" data-id=\"86\" data-full-url=\"https:\/\/friedenskreis.de\/wp-content\/uploads\/2021\/10\/Karneval-1982003.jpg\" data-link=\"https:\/\/friedenskreis.de\/?attachment_id=86\" class=\"wp-image-86\" srcset=\"https:\/\/friedenskreis.de\/wp-content\/uploads\/2021\/10\/Karneval-1982003-150x150.jpg 150w, https:\/\/friedenskreis.de\/wp-content\/uploads\/2021\/10\/Karneval-1982003-100x100.jpg 100w\" sizes=\"(max-width: 150px) 100vw, 150px\" \/><\/a><\/figure><\/li><li class=\"blocks-gallery-item\"><figure><a href=\"https:\/\/friedenskreis.de\/wp-content\/uploads\/2021\/10\/Karneval-1982004.jpg\"><img loading=\"lazy\" width=\"150\" height=\"150\" src=\"https:\/\/friedenskreis.de\/wp-content\/uploads\/2021\/10\/Karneval-1982004-150x150.jpg\" alt=\"\" data-id=\"87\" data-full-url=\"https:\/\/friedenskreis.de\/wp-content\/uploads\/2021\/10\/Karneval-1982004.jpg\" data-link=\"https:\/\/friedenskreis.de\/?attachment_id=87\" class=\"wp-image-87\" srcset=\"https:\/\/friedenskreis.de\/wp-content\/uploads\/2021\/10\/Karneval-1982004-150x150.jpg 150w, https:\/\/friedenskreis.de\/wp-content\/uploads\/2021\/10\/Karneval-1982004-100x100.jpg 100w\" sizes=\"(max-width: 150px) 100vw, 150px\" \/><\/a><\/figure><\/li><li class=\"blocks-gallery-item\"><figure><a href=\"https:\/\/friedenskreis.de\/wp-content\/uploads\/2021\/10\/Karneval-1982005.jpg\"><img loading=\"lazy\" width=\"150\" height=\"150\" src=\"https:\/\/friedenskreis.de\/wp-content\/uploads\/2021\/10\/Karneval-1982005-150x150.jpg\" alt=\"\" data-id=\"88\" data-full-url=\"https:\/\/friedenskreis.de\/wp-content\/uploads\/2021\/10\/Karneval-1982005.jpg\" data-link=\"https:\/\/friedenskreis.de\/?attachment_id=88\" class=\"wp-image-88\" srcset=\"https:\/\/friedenskreis.de\/wp-content\/uploads\/2021\/10\/Karneval-1982005-150x150.jpg 150w, https:\/\/friedenskreis.de\/wp-content\/uploads\/2021\/10\/Karneval-1982005-100x100.jpg 100w\" sizes=\"(max-width: 150px) 100vw, 150px\" \/><\/a><\/figure><\/li><li class=\"blocks-gallery-item\"><figure><a href=\"https:\/\/friedenskreis.de\/wp-content\/uploads\/2021\/10\/Karneval-1982006.jpg\"><img loading=\"lazy\" width=\"150\" height=\"150\" src=\"https:\/\/friedenskreis.de\/wp-content\/uploads\/2021\/10\/Karneval-1982006-150x150.jpg\" alt=\"\" data-id=\"89\" data-full-url=\"https:\/\/friedenskreis.de\/wp-content\/uploads\/2021\/10\/Karneval-1982006.jpg\" data-link=\"https:\/\/friedenskreis.de\/?attachment_id=89\" class=\"wp-image-89\" srcset=\"https:\/\/friedenskreis.de\/wp-content\/uploads\/2021\/10\/Karneval-1982006-150x150.jpg 150w, https:\/\/friedenskreis.de\/wp-content\/uploads\/2021\/10\/Karneval-1982006-100x100.jpg 100w\" sizes=\"(max-width: 150px) 100vw, 150px\" \/><\/a><\/figure><\/li><li class=\"blocks-gallery-item\"><figure><a href=\"https:\/\/friedenskreis.de\/wp-content\/uploads\/2021\/10\/Karnevall-1984002.jpg\"><img loading=\"lazy\" width=\"150\" height=\"150\" src=\"https:\/\/friedenskreis.de\/wp-content\/uploads\/2021\/10\/Karnevall-1984002-150x150.jpg\" alt=\"\" data-id=\"90\" data-full-url=\"https:\/\/friedenskreis.de\/wp-content\/uploads\/2021\/10\/Karnevall-1984002.jpg\" data-link=\"https:\/\/friedenskreis.de\/?attachment_id=90\" class=\"wp-image-90\" srcset=\"https:\/\/friedenskreis.de\/wp-content\/uploads\/2021\/10\/Karnevall-1984002-150x150.jpg 150w, https:\/\/friedenskreis.de\/wp-content\/uploads\/2021\/10\/Karnevall-1984002-100x100.jpg 100w\" sizes=\"(max-width: 150px) 100vw, 150px\" \/><\/a><\/figure><\/li><li class=\"blocks-gallery-item\"><figure><a href=\"https:\/\/friedenskreis.de\/wp-content\/uploads\/2021\/10\/Ostermarsch-1984003.jpg\"><img loading=\"lazy\" width=\"150\" height=\"150\" src=\"https:\/\/friedenskreis.de\/wp-content\/uploads\/2021\/10\/Ostermarsch-1984003-150x150.jpg\" alt=\"\" data-id=\"91\" data-full-url=\"https:\/\/friedenskreis.de\/wp-content\/uploads\/2021\/10\/Ostermarsch-1984003.jpg\" data-link=\"https:\/\/friedenskreis.de\/?attachment_id=91\" class=\"wp-image-91\" srcset=\"https:\/\/friedenskreis.de\/wp-content\/uploads\/2021\/10\/Ostermarsch-1984003-150x150.jpg 150w, https:\/\/friedenskreis.de\/wp-content\/uploads\/2021\/10\/Ostermarsch-1984003-100x100.jpg 100w\" sizes=\"(max-width: 150px) 100vw, 150px\" \/><\/a><\/figure><\/li><\/ul><\/figure>\n\n\n\n<p><br>Viele weitere Aktionen folgten: Diskussionsveranstaltungen, Demonstrationen, Marktaktionen.&nbsp; Oft schauten die gemeinen Havixbecker etwas irritiert zu: Die Friedensaktivisten unterschieden sich nicht nur durch die bunten Aktionsformen. Auch ihre Inhalte waren neu: Radikale Kritik der bis dahin geltenden milit\u00e4rischen Abschreckungsdoktrin, die Forderung nach Abschaffung der Bundeswehr und der Nato, halt: Frieden schaffen ohne Waffen. Eine gr\u00f6\u00dfere Kontroverse l\u00f6ste die Friedensinitiative&nbsp; 1991 aus.&nbsp; Zum 8. Mai fand ein \u00f6ffentliches Gel\u00f6bnis der Bundeswehr in Havixbeck statt, eine \u00f6ffentliche Vereidigung auf dem Schulsportplatz mitten im Ort. Dazu hatte der B\u00fcrgermeister eingeladen.&nbsp; Havixbeck unterhielt zu der Zeit eine Patenschaft zu einem Panzerbataillon der Bundeswehr im nahen Handorf. Die Friedensinitiative Havixbeck protestierte dagegen heftig.&nbsp; Da kam es zu richtigen Auseinandersetzungen mit den Politikern, erinnert sich Roger Reinhard. \u201eWir protestierten mit Briefen an den B\u00fcrgermeister und an den Gemeindedirektor und waren mit Transparenten und Plakaten am Rande der Zeremonie pr\u00e4sent.\u201c&nbsp; Die Plakate, die Roger Reinhard f\u00fcr diesen Protest malte, wollten und sollten provozieren.&nbsp; Auch f\u00fcr den damaligen Gemeindedirektor Guthoff war hier Schluss. Wenn er auch f\u00fcr die Friedensgruppe Sympathien aufbrachte, so kritisierte er diesen Protest deutlich.&nbsp; Insgesamt jedoch sch\u00e4tzt der ehemalige Gemeindedirektor Guthoff die damalige Friedensinitiative heute positiv ein: \u201eJa, sie waren anders, aber im positiven Sinne. Sie haben Dinge hinterfragt, die wir so im Alltag gar nicht hinterfragt haben, und sie hatten auch den Mut, t\u00e4tig zu werden. Ich habe sie wirklich gesch\u00e4tzt\u201c,&nbsp; sagte Guthoff in einem ausf\u00fchrlichen Interview den jungen Autorinnen der Arbeit.&nbsp; Das komplette Interview sowie weitere Interviews mit Dr. Christa Degemann-Lickes und Roger Reinhard sind der Geschichtsarbeit als Anhang angeheftet. &nbsp;Dass die Geschichte der Friedensinitiative Havixbeck letztlich eine Erfolgsgeschichte ist, zeigt sich daran, dass es sie heute \u2013 nach 30 Jahren \u2013 immer noch gibt. Mittlerweile nennt sie sich Friedenskreis an der Anne-Frank-Gesamtschule.&nbsp; Auch heute noch thematisiert dieser Friedenskreis unerm\u00fcdlich friedenspolitische Fragestellungen, organisiert Informations- und Diskussionsveranstaltungen, holt Referenten und Ausstellungen nach Havixbeck und hinterl\u00e4sst im \u00f6ffentlichen Bild&nbsp; der Gemeinde Spuren. So sind die Stolpersteine f\u00fcr die j\u00fcdischen B\u00fcrgerinnen und B\u00fcrger Havixbecks, die im Dritten Reich deportiert und ermordet wurden, eine Initiative des Friedenskreises gewesen \u2013 zusammen mit Sch\u00fclerinnen und Sch\u00fclern der AFG. Auch die kleine Stele zum Andenken an Yvonne Gerson, die als kleines M\u00e4dchen deportiert wurden, war eine Idee des Friedenskreises.&nbsp; Zuletzt pr\u00e4sentierte der Friedenskreis&nbsp; mit der Universit\u00e4t M\u00fcnster und&nbsp; der Anne-Frank-Gesamtschule eine Arbeit zur 100j\u00e4hrigen Wiederkehr des Beginns des Ersten Weltkrieges. Der Friedenskreis h\u00e4ngte an die Gedenkkapelle am Friedhof &nbsp;zwei Banner auf. Das eine Banner zeigte das Wort \u201eFrieden\u201c&nbsp; in vielen Sprachen, das andere stellt mit einer gro\u00dfen wei\u00dfen Fl\u00e4che die Friedensfahne dar.&nbsp;&nbsp; Das w\u00e4re vor vielen Jahren nicht m\u00f6glich gewesen.&nbsp; Und so bewerten die beiden Sch\u00fclerinnen Ann-Kathrin Spreer und Sarah Heithoff zum Schluss ihres Beitrages zum Geschichtswettbewerb die Arbeit der Friedensinitiative Havixbeck sehr positiv: \u201eDie Friedensinitiative setzte sich f\u00fcr den Frieden in und au\u00dferhalb von Havixbeck ein. Die Mitglieder k\u00e4mpften, demonstrierten und engagierten sich mit viel Aufwand f\u00fcr ihre \u00dcberzeugungen. Auch wenn es seine Zeit und Anstrengungen brauchte, die Friedensaktivisten wurden schlie\u00dflich akzeptiert.&nbsp; F\u00fcr die Bewohner von Havixbeck hat der Frieden einen hohen Stellenwert bekommen. Havixbeck kann froh sein, dass wir hier eine so engagierte Gruppe von Leuten haben.\u201c <\/p>\n\n\n\n<p>Foto:&nbsp;<\/p>\n\n\n\n<p>Dr. Christa Degemann-Lickes und Roger Reinhard vom Friedenskreis Havixbeck nahmen erfreut die Geschichtsarbeit von&nbsp; Ann-Kathrin Spreer und Sarah Heithoff entgegen.<\/p>\n\n\n\n<p>Aus fr\u00fcheren Zeiten: Die Mitglieder der Havixbecker Friedensintiative demonstrierten auch beim Karnevalumzug f\u00fcr den Frieden. &nbsp;(auf einem Foto: Christa Degemann-Lickes als Indianerin vom \u201eStamm der wei\u00dfen Friedenstaube\u201c)<\/p>\n","protected":false},"excerpt":{"rendered":"<p>Die Friedensinitiative Havixbeck Im Rahmen des Geschichtswettbewerbs des Bundespr\u00e4sidenten 2015 untersuchten zwei Sch\u00fclerinnen der AFG die Geschichte der Friedensarbeit in Havixbeck Havixbeck. Anfang der 1980er Jahre gr\u00fcndete sich in Havixbeck eine Gruppe, die damals viel Aufsehen erregte. Sie nannte sich \u201eFriedensinitiative Havixbeck\u201c.&nbsp; Im Rahmen des Geschichtswettbewerbs des deutschen Bundespr\u00e4sidenten 2015 mit dem Thema \u201eAnders sein &hellip; <\/p>\n<p class=\"link-more\"><a href=\"https:\/\/friedenskreis.de\/?page_id=72\" class=\"more-link\"><span class=\"screen-reader-text\">\u201eGeschichte des FK\u201c<\/span> weiterlesen<\/a><\/p>\n","protected":false},"author":1,"featured_media":0,"parent":0,"menu_order":0,"comment_status":"closed","ping_status":"closed","template":"","meta":[],"_links":{"self":[{"href":"https:\/\/friedenskreis.de\/index.php?rest_route=\/wp\/v2\/pages\/72"}],"collection":[{"href":"https:\/\/friedenskreis.de\/index.php?rest_route=\/wp\/v2\/pages"}],"about":[{"href":"https:\/\/friedenskreis.de\/index.php?rest_route=\/wp\/v2\/types\/page"}],"author":[{"embeddable":true,"href":"https:\/\/friedenskreis.de\/index.php?rest_route=\/wp\/v2\/users\/1"}],"replies":[{"embeddable":true,"href":"https:\/\/friedenskreis.de\/index.php?rest_route=%2Fwp%2Fv2%2Fcomments&post=72"}],"version-history":[{"count":16,"href":"https:\/\/friedenskreis.de\/index.php?rest_route=\/wp\/v2\/pages\/72\/revisions"}],"predecessor-version":[{"id":150,"href":"https:\/\/friedenskreis.de\/index.php?rest_route=\/wp\/v2\/pages\/72\/revisions\/150"}],"wp:attachment":[{"href":"https:\/\/friedenskreis.de\/index.php?rest_route=%2Fwp%2Fv2%2Fmedia&parent=72"}],"curies":[{"name":"wp","href":"https:\/\/api.w.org\/{rel}","templated":true}]}}