{"id":476,"date":"2023-12-12T20:24:45","date_gmt":"2023-12-12T20:24:45","guid":{"rendered":"https:\/\/friedenskreis.de\/?page_id=476"},"modified":"2023-12-12T20:39:44","modified_gmt":"2023-12-12T20:39:44","slug":"eine-stele-fuer-yvonne-gerson","status":"publish","type":"page","link":"https:\/\/friedenskreis.de\/?page_id=476","title":{"rendered":"Eine Stele f\u00fcr Yvonne Gerson"},"content":{"rendered":"\n<p class=\"has-large-font-size\">&#8222;Wir d\u00fcrfen nie vergessen!&#8220;<\/p>\n\n\n\n<p>In Havixbeck gibt es einen Stolperstein f\u00fcr Yvonne Gerson.<\/p>\n\n\n\n<p>Direkt gegen\u00fcber der Stelle, wo der Stolperstein liegt, hat der Friedenskreis 2000 schon eine Stele f\u00fcr Yvonne Gerson aufstellen lassen.<\/p>\n\n\n\n<p>Die Idee: Als das Stelenfeld in Berlin errichtet wurde, schlug der Friedenskreis  \u2013 auch aus Solidarit\u00e4t \u2013 eine Stele in Havixbeck \u2013 (f\u00fcr Yvonne) vor. Die Gemeinde Havixbeck hat das umgesetzt.<\/p>\n\n\n\n<div class=\"wp-block-image\"><figure class=\"alignright size-medium is-resized\"><img loading=\"lazy\" src=\"https:\/\/friedenskreis.de\/wp-content\/uploads\/2023\/12\/SteleText2-225x300.jpg\" alt=\"\" class=\"wp-image-478\" width=\"310\" height=\"413\" srcset=\"https:\/\/friedenskreis.de\/wp-content\/uploads\/2023\/12\/SteleText2-225x300.jpg 225w, https:\/\/friedenskreis.de\/wp-content\/uploads\/2023\/12\/SteleText2-768x1024.jpg 768w, https:\/\/friedenskreis.de\/wp-content\/uploads\/2023\/12\/SteleText2.jpg 960w\" sizes=\"(max-width: 310px) 100vw, 310px\" \/><\/figure><\/div>\n\n\n\n<div class=\"wp-block-image\"><figure class=\"alignleft size-medium is-resized\"><img loading=\"lazy\" src=\"https:\/\/friedenskreis.de\/wp-content\/uploads\/2023\/12\/Stele1-225x300.jpg\" alt=\"\" class=\"wp-image-477\" width=\"314\" height=\"419\" srcset=\"https:\/\/friedenskreis.de\/wp-content\/uploads\/2023\/12\/Stele1-225x300.jpg 225w, https:\/\/friedenskreis.de\/wp-content\/uploads\/2023\/12\/Stele1-768x1024.jpg 768w, https:\/\/friedenskreis.de\/wp-content\/uploads\/2023\/12\/Stele1.jpg 960w\" sizes=\"(max-width: 314px) 100vw, 314px\" \/><\/figure><\/div>\n\n\n\n<p>.<\/p>\n\n\n\n<p><\/p>\n\n\n\n<div class=\"wp-block-image\"><figure class=\"aligncenter size-full\"><img loading=\"lazy\" width=\"560\" height=\"435\" src=\"https:\/\/friedenskreis.de\/wp-content\/uploads\/2023\/12\/Text-Stele-fuer-Yvonne-Gerson.jpg\" alt=\"\" class=\"wp-image-479\" srcset=\"https:\/\/friedenskreis.de\/wp-content\/uploads\/2023\/12\/Text-Stele-fuer-Yvonne-Gerson.jpg 560w, https:\/\/friedenskreis.de\/wp-content\/uploads\/2023\/12\/Text-Stele-fuer-Yvonne-Gerson-300x233.jpg 300w\" sizes=\"(max-width: 560px) 100vw, 560px\" \/><\/figure><\/div>\n\n\n\n<hr class=\"wp-block-separator\"\/>\n\n\n\n<p>Alle Stolpersteine in NRW wurden im Rahmen eines WDR-Projektes in einer App erfasst. Auch die Stolpersteine in Havixbeck.<\/p>\n\n\n\n<p class=\"has-text-align-center\"><a href=\"https:\/\/stolpersteine.wdr.de\/web\/de\/\"><strong>https:\/\/stolpersteine.wdr.de\/web\/de\/<\/strong><\/a><\/p>\n\n\n\n<figure class=\"wp-block-image size-large\"><img loading=\"lazy\" width=\"1024\" height=\"520\" src=\"https:\/\/friedenskreis.de\/wp-content\/uploads\/2023\/12\/Stolperstein-App-1024x520.jpg\" alt=\"\" class=\"wp-image-484\" srcset=\"https:\/\/friedenskreis.de\/wp-content\/uploads\/2023\/12\/Stolperstein-App-1024x520.jpg 1024w, https:\/\/friedenskreis.de\/wp-content\/uploads\/2023\/12\/Stolperstein-App-300x152.jpg 300w, https:\/\/friedenskreis.de\/wp-content\/uploads\/2023\/12\/Stolperstein-App-768x390.jpg 768w, https:\/\/friedenskreis.de\/wp-content\/uploads\/2023\/12\/Stolperstein-App-1536x780.jpg 1536w, https:\/\/friedenskreis.de\/wp-content\/uploads\/2023\/12\/Stolperstein-App.jpg 1593w\" sizes=\"(max-width: 706px) 89vw, (max-width: 767px) 82vw, 740px\" \/><\/figure>\n\n\n\n<p><\/p>\n\n\n\n<figure class=\"wp-block-image size-large\"><img loading=\"lazy\" width=\"1024\" height=\"632\" src=\"https:\/\/friedenskreis.de\/wp-content\/uploads\/2023\/12\/Stolperstein-Yvonne-Gerson-1024x632.jpg\" alt=\"\" class=\"wp-image-485\" srcset=\"https:\/\/friedenskreis.de\/wp-content\/uploads\/2023\/12\/Stolperstein-Yvonne-Gerson-1024x632.jpg 1024w, https:\/\/friedenskreis.de\/wp-content\/uploads\/2023\/12\/Stolperstein-Yvonne-Gerson-300x185.jpg 300w, https:\/\/friedenskreis.de\/wp-content\/uploads\/2023\/12\/Stolperstein-Yvonne-Gerson-768x474.jpg 768w, https:\/\/friedenskreis.de\/wp-content\/uploads\/2023\/12\/Stolperstein-Yvonne-Gerson.jpg 1135w\" sizes=\"(max-width: 706px) 89vw, (max-width: 767px) 82vw, 740px\" \/><\/figure>\n\n\n\n<hr class=\"wp-block-separator\"\/>\n\n\n\n<p class=\"has-large-font-size\">Nur ein Stein&nbsp;&nbsp;&nbsp;&nbsp;&nbsp;&nbsp;&nbsp;&nbsp; von Christa Degemann<\/p>\n\n\n\n<p>Bildh\u00fcbsch<\/p>\n\n\n\n<p>Das M\u00e4dchen mit dunklem Haar sitzt am Fenster und schaut.<\/p>\n\n\n\n<p>Sieht auf die Stra\u00dfe, sieht Kinder beim Spiel und darf doch selbst nicht hinaus.<\/p>\n\n\n\n<p>Wo geht es hin?&nbsp;&nbsp;&nbsp;&nbsp;&nbsp; Was nimmt es mit?&nbsp;&nbsp;&nbsp;<\/p>\n\n\n\n<p>Die Puppe, den Ball, die Kl\u00f6tzchen<\/p>\n\n\n\n<p>Es braucht keine Puppe. Es braucht keinen Ball.<\/p>\n\n\n\n<p>Hier ist kein Platz f\u00fcr Kl\u00f6tzchen<\/p>\n\n\n\n<p>Hier ist kein Platz f\u00fcr ein Judenkind,<\/p>\n\n\n\n<p>vier Jahre \u2013 kein einziges mehr!<\/p>\n\n\n\n<p>Zu Asche zerfallen!<\/p>\n\n\n\n<p>Das Kind&nbsp;&nbsp;&nbsp; &#8211;&nbsp;&nbsp; Das M\u00e4dchen&nbsp;&nbsp;&nbsp; &#8211;&nbsp;&nbsp;&nbsp; Die Frau<\/p>\n\n\n\n<p>Nur der Name im Stein:&nbsp;&nbsp; Yvonne&nbsp;<\/p>\n","protected":false},"excerpt":{"rendered":"<p>&#8222;Wir d\u00fcrfen nie vergessen!&#8220; In Havixbeck gibt es einen Stolperstein f\u00fcr Yvonne Gerson. Direkt gegen\u00fcber der Stelle, wo der Stolperstein liegt, hat der Friedenskreis 2000 schon eine Stele f\u00fcr Yvonne Gerson aufstellen lassen. Die Idee: Als das Stelenfeld in Berlin errichtet wurde, schlug der Friedenskreis \u2013 auch aus Solidarit\u00e4t \u2013 eine Stele in Havixbeck \u2013 &hellip; <\/p>\n<p class=\"link-more\"><a href=\"https:\/\/friedenskreis.de\/?page_id=476\" class=\"more-link\"><span class=\"screen-reader-text\">\u201eEine Stele f\u00fcr Yvonne Gerson\u201c<\/span> weiterlesen<\/a><\/p>\n","protected":false},"author":1,"featured_media":0,"parent":44,"menu_order":0,"comment_status":"closed","ping_status":"closed","template":"","meta":[],"_links":{"self":[{"href":"https:\/\/friedenskreis.de\/index.php?rest_route=\/wp\/v2\/pages\/476"}],"collection":[{"href":"https:\/\/friedenskreis.de\/index.php?rest_route=\/wp\/v2\/pages"}],"about":[{"href":"https:\/\/friedenskreis.de\/index.php?rest_route=\/wp\/v2\/types\/page"}],"author":[{"embeddable":true,"href":"https:\/\/friedenskreis.de\/index.php?rest_route=\/wp\/v2\/users\/1"}],"replies":[{"embeddable":true,"href":"https:\/\/friedenskreis.de\/index.php?rest_route=%2Fwp%2Fv2%2Fcomments&post=476"}],"version-history":[{"count":4,"href":"https:\/\/friedenskreis.de\/index.php?rest_route=\/wp\/v2\/pages\/476\/revisions"}],"predecessor-version":[{"id":487,"href":"https:\/\/friedenskreis.de\/index.php?rest_route=\/wp\/v2\/pages\/476\/revisions\/487"}],"up":[{"embeddable":true,"href":"https:\/\/friedenskreis.de\/index.php?rest_route=\/wp\/v2\/pages\/44"}],"wp:attachment":[{"href":"https:\/\/friedenskreis.de\/index.php?rest_route=%2Fwp%2Fv2%2Fmedia&parent=476"}],"curies":[{"name":"wp","href":"https:\/\/api.w.org\/{rel}","templated":true}]}}