{"id":44,"date":"2021-10-29T20:10:23","date_gmt":"2021-10-29T20:10:23","guid":{"rendered":"https:\/\/friedenskreis.de\/?page_id=44"},"modified":"2023-12-12T20:42:45","modified_gmt":"2023-12-12T20:42:45","slug":"konzept","status":"publish","type":"page","link":"https:\/\/friedenskreis.de\/?page_id=44","title":{"rendered":"Konzept"},"content":{"rendered":"\n<h4>Geschichte und Konzept<\/h4>\n\n\n\n<p>1991&nbsp;wurde der Friedenskreis gegr\u00fcndet, als Arbeitskreis, in dem Eltern, aber auch Lehrerinnen und Lehrern an der Anne-Frank-Gesamtschule arbeiten. Schnell jedoch \u00f6ffnete sich die Gruppe auch f\u00fcr alle interessierten B\u00fcrger der Gemeinde Havixbeck.<\/p>\n\n\n\n<p>Neben der intensiven friedensp\u00e4dagogischen Arbeit, ist der Kreis auch bem\u00fcht, in die politische Gemeinde hineinzuwirken. Viele Veranstaltungen werden organisiert und Ausstellungen nach Havixbeck geholt, die sowohl der Schule als auch der Gemeinde zur Verf\u00fcgung gestellt wurden.<\/p>\n\n\n\n<figure class=\"wp-block-image\"><a href=\"https:\/\/www.afg-havixbeck-billerbeck.de\/pics\/medien\/image_15403243353.jpeg\"><img src=\"https:\/\/www.afg-havixbeck-billerbeck.de\/pics\/medien\/thumb_image_15403243353.jpeg\" alt=\"Friedenskreis 2018\" title=\"Friedenskreis 2018\"\/><\/a><\/figure>\n\n\n\n<p>Ausgangspunkt f\u00fcr die Arbeit ist ein umfassender Friedensbegriff: Frieden hei\u00dft &#8211; nach der Konzeption des Friedenskreises &#8211; auch Gerechtigkeit in den internationalen Beziehungen, hei\u00dft auch eine gerechte Entwicklungspolitik zu realisieren.<\/p>\n\n\n\n<p>2001 wurde dem Friedenskreis an der AFG der&nbsp;F\u00f6rderpreis &#8222;Konziliarer Prozess&#8220;&nbsp;verliehen.&nbsp;&nbsp;<\/p>\n\n\n\n<p class=\"has-vivid-cyan-blue-color has-text-color has-medium-font-size\">Ein H\u00f6hepunkt der Arbeit war die Initiierung einer <br><a href=\"https:\/\/friedenskreis.de\/?page_id=476\"><strong>Gedenkstele f\u00fcr die j\u00fcdischen Opfer<\/strong><\/a> in Havixbeck w\u00e4hrend des Nationalsozialismus. Der Name Anne Frank spielt stets in der Arbeit des Friedenskreises eine besondere Rolle.<\/p>\n\n\n\n<p>Immer wieder l\u00e4dt der Friedenskreis G\u00e4ste zu aktuellen Friedensthemen ein:<\/p>\n\n\n\n<ul><li>Michel Friedman<\/li><li>Prof. Nussbaum, USA<\/li><li>Paul Spiegel<\/li><\/ul>\n\n\n\n<p>Zahlreiche Ausstellungen holte der Friedenskreis nach Havixbeck:<\/p>\n\n\n\n<ul><li>\u201eLabyrinth Fluchtwege\u201c<\/li><li>\u201eZiviler Friedensdienst: Konflikte gewaltfrei l\u00f6sen\u201c<\/li><li>\u201eKinder zeichnen den Krieg\u201c<\/li><li>\u201eKleine Waffen \u2013 gro\u00dfe Wirkung\u201c<\/li><\/ul>\n\n\n\n<p>Seit 2001 ist der Friedenskreis eingetragener Verein und vom Finanzamt als gemeinn\u00fctzig anerkannt. Seitdem sind \u00fcber 20 B\u00fcrgerinnen und B\u00fcrger Mitglieder des neuen Vereins geworden.<\/p>\n","protected":false},"excerpt":{"rendered":"<p>Geschichte und Konzept 1991&nbsp;wurde der Friedenskreis gegr\u00fcndet, als Arbeitskreis, in dem Eltern, aber auch Lehrerinnen und Lehrern an der Anne-Frank-Gesamtschule arbeiten. Schnell jedoch \u00f6ffnete sich die Gruppe auch f\u00fcr alle interessierten B\u00fcrger der Gemeinde Havixbeck. Neben der intensiven friedensp\u00e4dagogischen Arbeit, ist der Kreis auch bem\u00fcht, in die politische Gemeinde hineinzuwirken. Viele Veranstaltungen werden organisiert und &hellip; <\/p>\n<p class=\"link-more\"><a href=\"https:\/\/friedenskreis.de\/?page_id=44\" class=\"more-link\"><span class=\"screen-reader-text\">\u201eKonzept\u201c<\/span> weiterlesen<\/a><\/p>\n","protected":false},"author":1,"featured_media":0,"parent":0,"menu_order":0,"comment_status":"closed","ping_status":"closed","template":"","meta":[],"_links":{"self":[{"href":"https:\/\/friedenskreis.de\/index.php?rest_route=\/wp\/v2\/pages\/44"}],"collection":[{"href":"https:\/\/friedenskreis.de\/index.php?rest_route=\/wp\/v2\/pages"}],"about":[{"href":"https:\/\/friedenskreis.de\/index.php?rest_route=\/wp\/v2\/types\/page"}],"author":[{"embeddable":true,"href":"https:\/\/friedenskreis.de\/index.php?rest_route=\/wp\/v2\/users\/1"}],"replies":[{"embeddable":true,"href":"https:\/\/friedenskreis.de\/index.php?rest_route=%2Fwp%2Fv2%2Fcomments&post=44"}],"version-history":[{"count":3,"href":"https:\/\/friedenskreis.de\/index.php?rest_route=\/wp\/v2\/pages\/44\/revisions"}],"predecessor-version":[{"id":489,"href":"https:\/\/friedenskreis.de\/index.php?rest_route=\/wp\/v2\/pages\/44\/revisions\/489"}],"wp:attachment":[{"href":"https:\/\/friedenskreis.de\/index.php?rest_route=%2Fwp%2Fv2%2Fmedia&parent=44"}],"curies":[{"name":"wp","href":"https:\/\/api.w.org\/{rel}","templated":true}]}}