{"id":26,"date":"2021-10-29T16:04:07","date_gmt":"2021-10-29T16:04:07","guid":{"rendered":"https:\/\/friedenskreis.de\/?page_id=26"},"modified":"2022-01-01T17:10:21","modified_gmt":"2022-01-01T17:10:21","slug":"mitmachen","status":"publish","type":"page","link":"https:\/\/friedenskreis.de\/?page_id=26","title":{"rendered":"Mitmachen"},"content":{"rendered":"\n<div class=\"wp-block-image\"><figure class=\"alignright size-large\"><img src=\"https:\/\/www.gruene-coe.de\/archiv\/Bilder\/09_06_havixvbeck_07.jpg\" alt=\"\"\/><figcaption>Kassierer Klaus-Gerd Greiff freut sich \u00fcber neue Mitglieder<\/figcaption><\/figure><\/div>\n\n\n\n<p>Knapp 20 B\u00fcrgerinnen und B\u00fcrger aus Havixbeck unterst\u00fctzen den Friedenskreis durch ihre Mitgliedschaft.  Der Beitrag kann selbst ausgesucht werden. Er gilt als Spende und ist steuerlich absetzbar. <\/p>\n\n\n\n<p>Gerne nehmen wir weitere Mitglieder auf, die die Friedensarbeit vor Ort mittragen wollen.<\/p>\n\n\n\n<p>Nat\u00fcrlich gibt es dar\u00fcber hinaus die M\u00f6glichkeit, sich aktiv an der Friedensarbeit in Havixbeck zu beteiligen.  Christa Degemann-Lickes l\u00e4dt jeweils zu den Treffen des Friedenskreises ein.  Beim n\u00e4chsten Treffen kannst du\/k\u00f6nnen Sie dann dabei sein.<\/p>\n\n\n\n<p>Mit diesem Formular kann man Mitglied des Friedenskreises werden. <\/p>\n\n\n\n<div class=\"wp-block-file\"><a href=\"https:\/\/friedenskreis.de\/wp-content\/uploads\/2021\/10\/Aufnahmeformular_Friedenskreis.pdf\">Aufnahmeformular_Friedenskreis<\/a><a href=\"https:\/\/friedenskreis.de\/wp-content\/uploads\/2021\/10\/Aufnahmeformular_Friedenskreis.pdf\" class=\"wp-block-file__button\" download>Herunterladen<\/a><\/div>\n","protected":false},"excerpt":{"rendered":"<p>Knapp 20 B\u00fcrgerinnen und B\u00fcrger aus Havixbeck unterst\u00fctzen den Friedenskreis durch ihre Mitgliedschaft. Der Beitrag kann selbst ausgesucht werden. Er gilt als Spende und ist steuerlich absetzbar. Gerne nehmen wir weitere Mitglieder auf, die die Friedensarbeit vor Ort mittragen wollen. Nat\u00fcrlich gibt es dar\u00fcber hinaus die M\u00f6glichkeit, sich aktiv an der Friedensarbeit in Havixbeck zu &hellip; <\/p>\n<p class=\"link-more\"><a href=\"https:\/\/friedenskreis.de\/?page_id=26\" class=\"more-link\"><span class=\"screen-reader-text\">\u201eMitmachen\u201c<\/span> weiterlesen<\/a><\/p>\n","protected":false},"author":1,"featured_media":0,"parent":0,"menu_order":0,"comment_status":"closed","ping_status":"closed","template":"","meta":[],"_links":{"self":[{"href":"https:\/\/friedenskreis.de\/index.php?rest_route=\/wp\/v2\/pages\/26"}],"collection":[{"href":"https:\/\/friedenskreis.de\/index.php?rest_route=\/wp\/v2\/pages"}],"about":[{"href":"https:\/\/friedenskreis.de\/index.php?rest_route=\/wp\/v2\/types\/page"}],"author":[{"embeddable":true,"href":"https:\/\/friedenskreis.de\/index.php?rest_route=\/wp\/v2\/users\/1"}],"replies":[{"embeddable":true,"href":"https:\/\/friedenskreis.de\/index.php?rest_route=%2Fwp%2Fv2%2Fcomments&post=26"}],"version-history":[{"count":5,"href":"https:\/\/friedenskreis.de\/index.php?rest_route=\/wp\/v2\/pages\/26\/revisions"}],"predecessor-version":[{"id":426,"href":"https:\/\/friedenskreis.de\/index.php?rest_route=\/wp\/v2\/pages\/26\/revisions\/426"}],"wp:attachment":[{"href":"https:\/\/friedenskreis.de\/index.php?rest_route=%2Fwp%2Fv2%2Fmedia&parent=26"}],"curies":[{"name":"wp","href":"https:\/\/api.w.org\/{rel}","templated":true}]}}