{"id":2,"date":"2016-05-10T03:48:21","date_gmt":"2016-05-10T03:48:21","guid":{"rendered":"http:\/\/friedenskreis.de\/?page_id=2"},"modified":"2024-11-08T22:22:05","modified_gmt":"2024-11-08T22:22:05","slug":"sample-page","status":"publish","type":"page","link":"https:\/\/friedenskreis.de\/","title":{"rendered":"Start"},"content":{"rendered":"\n<p class=\"has-text-align-center has-white-color has-vivid-cyan-blue-background-color has-text-color has-background\" style=\"line-height:1.6\"><strong>Der Friedenskreis an der Anne-Frank-Gesamtschule Havixbeck-Billerbeck ist ein seit Jahrzehnten bestehender Zusammenschluss von B\u00fcrgerInnen des Ortes, der Themen aus den Bereichen Frieden, sozialer Gerechtigkeit und nachhaltiger Entwicklung aufgreift.<\/strong><\/p>\n\n\n\n<div class=\"wp-block-columns\">\n<div class=\"wp-block-column\" style=\"flex-basis:100%\"><style id=\"sp_pcp_dynamic_style158\">#pcp_wrapper-158:not(.sps-glossary-layout) .sp-pcp-row,#pcp_wrapper-158 .sps-glossary-items-group .sps-glossary-items-content {margin-right: -10px;margin-left: -10px;}#pcp_wrapper-158 .sp-pcp-row [class*='sp-pcp-col-']{padding-right: 10px;padding-left: 10px; padding-bottom:20px;}.pcp-wrapper-158 .sp-pcp-title a {color: #111;display: inherit;} .pcp-wrapper-158 .sp-pcp-title a:hover {color: #e1624b;}.pcp-wrapper-158 .sp-pcp-post-content{color: #444; }#pcp_wrapper-158 .sp-pcp-post {padding: 0 0 0 0;}#pcp_wrapper-158.sp-slider_layout .sp-pcp-post .sp-pcp-post-details {top: 0; right:0; bottom:0; left:0;}#pcp_wrapper-158 .sp-pcp-post {border: 0px solid #e2e2e2; border-radius: 0px }#pcp_wrapper-158 .sp-pcp-post{background-color: transparent;}#pcp_wrapper-158 .pcp-post-thumb-wrapper{border: 0px solid #dddddd;border-radius:0px;}.pcp-wrapper-158 .sp-pcp-post-meta li,.pcp-wrapper-158 .sp-pcp-post-meta ul,.pcp-wrapper-158 .sp-pcp-post-meta li a{color: #888;}.pcp-wrapper-158 .sp-pcp-post-meta li a:hover{color: #e1624b;}#pcp_wrapper-158 .pcp-post-pagination .page-numbers.current, #pcp_wrapper-158 .pcp-post-pagination a.active , #pcp_wrapper-158 .pcp-post-pagination a:hover{ color: #ffffff; background: #e1624b; border-color: #e1624b; }#pcp_wrapper-158 .pcp-post-pagination .page-numbers, .pcp-post-pagination a{ background: #ffffff; color:#5e5e5e; border: 2px solid #bbbbbb;border-radius: 2px; }#pcp_wrapper-158 .pcp-post-pagination{text-align: left;}@media (min-width: 1200px) {.sp-pcp-row .sp-pcp-col-xl-1 {flex: 0 0 100%;}.sp-pcp-row .sp-pcp-col-xl-2 {flex: 1 1 calc( 50% - 20px);}.sp-pcp-row .sp-pcp-col-xl-3 {flex: 1 1 calc( 33.333% - 20px);}.sp-pcp-row .sp-pcp-col-xl-4 {flex: 1 1 calc( 25% - 20px);}.sp-pcp-row .sp-pcp-col-xl-5 { flex: 1 1 calc( 20% - 20px);}.sp-pcp-row .sp-pcp-col-xl-6 {flex: 1 1 calc( 16.66666666666667% - 20px);}.sp-pcp-row .sp-pcp-col-xl-7 {flex: 1 1 calc( 14.28571428% - 20px);}.sp-pcp-row .sp-pcp-col-xl-8 {flex: 1 1 calc( 12.5% - 20px);}}@media (max-width: 1200px) {.sp-pcp-row .sp-pcp-col-lg-1 {flex: 0 0 100%;}.sp-pcp-row .sp-pcp-col-lg-2 {flex: 1 1 calc( 50% - 20px);}.sp-pcp-row .sp-pcp-col-lg-3 {flex: 1 1 calc( 33.333% - 20px);}.sp-pcp-row .sp-pcp-col-lg-4 {flex: 1 1 calc( 25% - 20px);}.sp-pcp-row .sp-pcp-col-lg-5 { flex: 1 1 calc( 20% - 20px);}.sp-pcp-row .sp-pcp-col-lg-6 {flex: 1 1 calc( 16.66666666666667% - 20px);}.sp-pcp-row .sp-pcp-col-lg-7 {flex: 1 1 calc( 14.28571428% - 20px);}.sp-pcp-row .sp-pcp-col-lg-8 {flex: 1 1 calc( 12.5% - 20px);}}@media (max-width: 992px) {.sp-pcp-row .sp-pcp-col-md-1 {flex: 0 0 100%;}.sp-pcp-row .sp-pcp-col-md-2 {flex: 1 1 calc( 50% - 20px);}.sp-pcp-row .sp-pcp-col-md-2-5 {flex: 0 0 75%;}.sp-pcp-row .sp-pcp-col-md-3 {flex: 1 1 calc( 33.333% - 20px);}.sp-pcp-row .sp-pcp-col-md-4 {flex: 1 1 calc( 25% - 20px);}.sp-pcp-row .sp-pcp-col-md-5 { flex: 1 1 calc( 20% - 20px);}.sp-pcp-row .sp-pcp-col-md-6 {flex: 1 1 calc( 16.66666666666667% - 20px);}.sp-pcp-row .sp-pcp-col-md-7 {flex: 1 1 calc( 14.28571428% - 20px);}.sp-pcp-row .sp-pcp-col-md-8 {flex: 1 1 calc( 12.5% - 20px);}}@media (max-width: 768px) {.sp-pcp-row .sp-pcp-col-sm-1 {flex: 0 0 100%;}.sp-pcp-row .sp-pcp-col-sm-2 {flex: 1 1 calc( 50% - 20px);}.sp-pcp-row .sp-pcp-col-sm-2-5 {flex: 0 0 75%;}.sp-pcp-row .sp-pcp-col-sm-3 {flex: 1 1 calc( 33.333% - 20px);}.sp-pcp-row .sp-pcp-col-sm-4 {flex: 1 1 calc( 25% - 20px);}.sp-pcp-row .sp-pcp-col-sm-5 { flex: 1 1 calc( 20% - 20px);}.sp-pcp-row .sp-pcp-col-sm-6 {flex: 1 1 calc( 16.66666666666667% - 20px);}.sp-pcp-row .sp-pcp-col-sm-7 {flex: 1 1 calc( 14.28571428% - 20px);}.sp-pcp-row .sp-pcp-col-sm-8 {flex: 1 1 calc( 12.5% - 20px);}}@media (max-width: 420px) {.sp-pcp-row .sp-pcp-col-xs-1 {flex: 0 0 100%;}.sp-pcp-row .sp-pcp-col-xs-2 {flex: 1 1 calc( 50% - 20px);}.sp-pcp-row .sp-pcp-col-xs-3 {flex: 1 1 calc( 33.333% - 20px);}.sp-pcp-row .sp-pcp-col-xs-4 {flex: 1 1 calc( 25% - 20px);}.sp-pcp-row .sp-pcp-col-xs-5 { flex: 1 1 calc( 20% - 20px);}.sp-pcp-row .sp-pcp-col-xs-6 {flex: 1 1 calc( 16.66666666666667% - 20px);}.sp-pcp-row .sp-pcp-col-xs-7 {flex: 1 1 calc( 14.28571428% - 20px);}.sp-pcp-row .sp-pcp-col-xs-8 {flex: 1 1 calc( 12.5% - 20px);}}<\/style>\n<div id=\"pcp_wrapper-158\" class=\"sp-pcp-section sp-pcp-container pcp-wrapper-158\">\n\t<div class=\"sp-pcp-row\">\n\t\t\t\t<div class=\" sp-pcp-col-xs-1 sp-pcp-col-sm-2 sp-pcp-col-md-3 sp-pcp-col-lg-4 sp-pcp-col-xl-3\">\n\t\t\t<div class=\"sp-pcp-post default pcp-item-532\" data-id=\"532\">\n\t\t\t\t\t\t\t\t<div class=\"pcp-post-thumb-wrapper\">\n\t\t\t\t\t<div class=\"sp-pcp-post-thumb-area\">\n\t\t\t\t\t\t\t\t\t\t\t\t<a class=\"sp-pcp-thumb\" href=\"https:\/\/friedenskreis.de\/?p=532\" target=\"_self\" >\n\t\t\t\t\t\t\t\t\t\t\t\t\t<img src=\"https:\/\/friedenskreis.de\/wp-content\/uploads\/2026\/03\/arrested-amtsbrueder_t.jpg\" width=\"825\" height=\"464\" alt=\"\">\n\t\t\t\t\t\t<\/a>\n\t\t\t\t\t<\/div>\n\t\t\t\t<\/div>\n\t\t\t\t\t\t\t\t<div class=\"sp-pcp-post-details\">\n\t\t\t\t\t<div class=\"sp-pcp-post-details-content\">\n\t\t\t\t\t\t\t\t<h2 class=\"sp-pcp-title\">\n\t\t\t\t\t\t\t\t\t<a href=\"https:\/\/friedenskreis.de\/?p=532\"  target=\"_self\">&#8222;Reicht die Bruderhand!&#8220; Lieder zur Geschichte der Friedensbewegung<\/a>\t\t\t\t\t\t\t<\/h2>\n\t\t\t\t\t\t<div class=\"sp-pcp-post-content\">\n\t\t\t<p>Der Friedenskreis lud am 8. M\u00e4rz 2026 zu einer besonderen Veranstaltung in die Evangelische Kirche ein. Zu Gast waren \u201eDie Amtsbr\u00fcder\u201c , das sind Manni Kehr (M\u00fcnster) und Uli Preuss (Sulingen). Sie stellten die Geschichte der Friedensbewegung in Liedern vor. Die Havixbeckerinnen und Havixbecker erlebten ein ber\u00fchrendes Konzert. Viele kannten diese Lieder, h\u00f6rten sie gern &hellip; <\/p>\n<p class=\"link-more\"><a href=\"https:\/\/friedenskreis.de\/?p=532\" class=\"more-link\"><span class=\"screen-reader-text\">\u201e&#8222;Reicht die Bruderhand!&#8220; Lieder zur Geschichte der Friedensbewegung\u201c<\/span> weiterlesen<\/a><\/p>\n\t\t<\/div>\n\t\t\t\t\t\t\t\t<\/div>\n\t\t\t\t<\/div>\n\t\t\t<\/div>\n\t\t<\/div>\n\t\t\t\t<div class=\" sp-pcp-col-xs-1 sp-pcp-col-sm-2 sp-pcp-col-md-3 sp-pcp-col-lg-4 sp-pcp-col-xl-3\">\n\t\t\t<div class=\"sp-pcp-post default pcp-item-528\" data-id=\"528\">\n\t\t\t\t\t\t\t\t<div class=\"pcp-post-thumb-wrapper\">\n\t\t\t\t\t<div class=\"sp-pcp-post-thumb-area\">\n\t\t\t\t\t\t\t\t\t\t\t\t<a class=\"sp-pcp-thumb\" href=\"https:\/\/friedenskreis.de\/?p=528\" target=\"_self\" >\n\t\t\t\t\t\t\t\t\t\t\t\t\t<img src=\"https:\/\/friedenskreis.de\/wp-content\/uploads\/2026\/01\/Zerbrochenes-Gewehr-mit-Hundemarke.jpeg\" width=\"1582\" height=\"951\" alt=\"\">\n\t\t\t\t\t\t<\/a>\n\t\t\t\t\t<\/div>\n\t\t\t\t<\/div>\n\t\t\t\t\t\t\t\t<div class=\"sp-pcp-post-details\">\n\t\t\t\t\t<div class=\"sp-pcp-post-details-content\">\n\t\t\t\t\t\t\t\t<h2 class=\"sp-pcp-title\">\n\t\t\t\t\t\t\t\t\t<a href=\"https:\/\/friedenskreis.de\/?p=528\"  target=\"_self\">Kriegsdienstverweigern? Wie helfen und beraten!<\/a>\t\t\t\t\t\t\t<\/h2>\n\t\t\t\t\t\t<div class=\"sp-pcp-post-content\">\n\t\t\t<p>Wiedereinf\u00fchrung der neuen Wehrpflicht. Alle 18j\u00e4hrigen werden demn\u00e4chst von der Bundeswehr angeschrieben und erfasst. Sie m\u00fcssen sich sp\u00e4testes dann mit der Frage auseinandersetzen: Will ich im Ernstfall Soldat sein, t\u00f6ten und get\u00f6tet werden, oder werde ich das im Grundgesetz verankerte Recht auf Kriegsdienstverweigerung in Anspruch nehmen. Der Friedenskreis bietet allen jungen M\u00e4nnern, auch denen, die &hellip; <\/p>\n<p class=\"link-more\"><a href=\"https:\/\/friedenskreis.de\/?p=528\" class=\"more-link\"><span class=\"screen-reader-text\">\u201eKriegsdienstverweigern? Wie helfen und beraten!\u201c<\/span> weiterlesen<\/a><\/p>\n\t\t<\/div>\n\t\t\t\t\t\t\t\t<\/div>\n\t\t\t\t<\/div>\n\t\t\t<\/div>\n\t\t<\/div>\n\t\t\t\t<div class=\" sp-pcp-col-xs-1 sp-pcp-col-sm-2 sp-pcp-col-md-3 sp-pcp-col-lg-4 sp-pcp-col-xl-3\">\n\t\t\t<div class=\"sp-pcp-post default pcp-item-523\" data-id=\"523\">\n\t\t\t\t\t\t\t\t<div class=\"pcp-post-thumb-wrapper\">\n\t\t\t\t\t<div class=\"sp-pcp-post-thumb-area\">\n\t\t\t\t\t\t\t\t\t\t\t\t<a class=\"sp-pcp-thumb\" href=\"https:\/\/friedenskreis.de\/?p=523\" target=\"_self\" >\n\t\t\t\t\t\t\t\t\t\t\t\t\t<img src=\"https:\/\/friedenskreis.de\/wp-content\/uploads\/2026\/01\/Vorstand-FK-2.jpeg\" width=\"2012\" height=\"1181\" alt=\"\">\n\t\t\t\t\t\t<\/a>\n\t\t\t\t\t<\/div>\n\t\t\t\t<\/div>\n\t\t\t\t\t\t\t\t<div class=\"sp-pcp-post-details\">\n\t\t\t\t\t<div class=\"sp-pcp-post-details-content\">\n\t\t\t\t\t\t\t\t<h2 class=\"sp-pcp-title\">\n\t\t\t\t\t\t\t\t\t<a href=\"https:\/\/friedenskreis.de\/?p=523\"  target=\"_self\">Jahresprogramm des FK  1\/26<\/a>\t\t\t\t\t\t\t<\/h2>\n\t\t\t\t\t\t<div class=\"sp-pcp-post-content\">\n\t\t\t<p>27.1. &#8211; Holocaust-Gedenken &#8212;8.3. &#8211; 16 Uhr Friedenslieder singen &#8212;Ostern &#8211; Ostermarsch &#8212;8.7. &#8211; Hissen der B\u00fcrgermeister-f\u00fcr-den-Friedenflagge&#8212; Herbst: Vortrag: Sicherheit neu denken Havixbeck. Mit Sorgen, aber nicht entmutigt sehen die Mitglieder des Friedenskreises Havixbeck (FK) in die Zukunft. Ausf\u00fchrlich diskutierten sie auf ihrer ersten Sitzung im neuen Jahr \u00fcber die gegenw\u00e4rtige Situation. Christa Degemann-Lickes: \u201eEs &hellip; <\/p>\n<p class=\"link-more\"><a href=\"https:\/\/friedenskreis.de\/?p=523\" class=\"more-link\"><span class=\"screen-reader-text\">\u201eJahresprogramm des FK  1\/26\u201c<\/span> weiterlesen<\/a><\/p>\n\t\t<\/div>\n\t\t\t\t\t\t\t\t<\/div>\n\t\t\t\t<\/div>\n\t\t\t<\/div>\n\t\t<\/div>\n\t\t\t\t<div class=\" sp-pcp-col-xs-1 sp-pcp-col-sm-2 sp-pcp-col-md-3 sp-pcp-col-lg-4 sp-pcp-col-xl-3\">\n\t\t\t<div class=\"sp-pcp-post default pcp-item-515\" data-id=\"515\">\n\t\t\t\t\t\t\t\t<div class=\"pcp-post-thumb-wrapper\">\n\t\t\t\t\t<div class=\"sp-pcp-post-thumb-area\">\n\t\t\t\t\t\t\t\t\t\t\t\t<a class=\"sp-pcp-thumb\" href=\"https:\/\/friedenskreis.de\/?p=515\" target=\"_self\" >\n\t\t\t\t\t\t\t\t\t\t\t\t\t<img src=\"https:\/\/friedenskreis.de\/wp-content\/uploads\/2025\/09\/Sehrbrock-Buchtitel.jpg\" width=\"1043\" height=\"610\" alt=\"\">\n\t\t\t\t\t\t<\/a>\n\t\t\t\t\t<\/div>\n\t\t\t\t<\/div>\n\t\t\t\t\t\t\t\t<div class=\"sp-pcp-post-details\">\n\t\t\t\t\t<div class=\"sp-pcp-post-details-content\">\n\t\t\t\t\t\t\t\t<h2 class=\"sp-pcp-title\">\n\t\t\t\t\t\t\t\t\t<a href=\"https:\/\/friedenskreis.de\/?p=515\"  target=\"_self\">50 000 000 Tote &#8211; Wann wird man je verstehen?<\/a>\t\t\t\t\t\t\t<\/h2>\n\t\t\t\t\t\t<div class=\"sp-pcp-post-content\">\n\t\t\t<p>Lesung und Vortrag aus einem Antikriegsroman \u2013 mit G\u00fcnter Sehrbrock Havixbeck. \u201eKrieg darf es nicht mehr geben! Krieg bedeutet nur Tod, Blut und Schmerzen!\u201c Der Sonntagnachmittag wurde ein einziger leidenschaftlicher Appell! Der Friedenskreis an der Anne-Frank-Gesamtschule Havixbeck hatte aus Anlass des Anti-Kriegstages am 1. September G\u00fcnter Sehrbrock aus M\u00fcnster eingeladen. Da sa\u00df er nun \u2013 &hellip; <\/p>\n<p class=\"link-more\"><a href=\"https:\/\/friedenskreis.de\/?p=515\" class=\"more-link\"><span class=\"screen-reader-text\">\u201e50 000 000 Tote &#8211; Wann wird man je verstehen?\u201c<\/span> weiterlesen<\/a><\/p>\n\t\t<\/div>\n\t\t\t\t\t\t\t\t<\/div>\n\t\t\t\t<\/div>\n\t\t\t<\/div>\n\t\t<\/div>\n\t\t\t\t<div class=\" sp-pcp-col-xs-1 sp-pcp-col-sm-2 sp-pcp-col-md-3 sp-pcp-col-lg-4 sp-pcp-col-xl-3\">\n\t\t\t<div class=\"sp-pcp-post default pcp-item-507\" data-id=\"507\">\n\t\t\t\t\t\t\t\t<div class=\"pcp-post-thumb-wrapper\">\n\t\t\t\t\t<div class=\"sp-pcp-post-thumb-area\">\n\t\t\t\t\t\t\t\t\t\t\t\t<a class=\"sp-pcp-thumb\" href=\"https:\/\/friedenskreis.de\/?p=507\" target=\"_self\" >\n\t\t\t\t\t\t\t\t\t\t\t\t\t<img src=\"https:\/\/friedenskreis.de\/wp-content\/uploads\/2025\/03\/Schreibe-eine-Geschichte-.jpg\" width=\"656\" height=\"160\" alt=\"\">\n\t\t\t\t\t\t<\/a>\n\t\t\t\t\t<\/div>\n\t\t\t\t<\/div>\n\t\t\t\t\t\t\t\t<div class=\"sp-pcp-post-details\">\n\t\t\t\t\t<div class=\"sp-pcp-post-details-content\">\n\t\t\t\t\t\t\t\t<h2 class=\"sp-pcp-title\">\n\t\t\t\t\t\t\t\t\t<a href=\"https:\/\/friedenskreis.de\/?p=507\"  target=\"_self\">Deine Familie im Zweiten Weltkrieg<\/a>\t\t\t\t\t\t\t<\/h2>\n\t\t\t\t\t\t<div class=\"sp-pcp-post-content\">\n\t\t\t<p>80 Jahre nach dem Ende des Zweiten Weltkrieges Die Geschichten \u201eSchreiben Sie Ihre Geschichte! Wie hat Ihre Familie diesen Weltkrieg erlebt und erlitten?Wie wirkt der heute noch nach?\u201c Havixbeck. Mit dem Schweigen der Waffen h\u00f6rt der Krieg nicht auf. Auch 80 Jahre nach dem Zweiten Weltkrieg ist dieser in vielen Familien noch pr\u00e4sent. Die Gro\u00dfeltern &hellip; <\/p>\n<p class=\"link-more\"><a href=\"https:\/\/friedenskreis.de\/?p=507\" class=\"more-link\"><span class=\"screen-reader-text\">\u201eDeine Familie im Zweiten Weltkrieg\u201c<\/span> weiterlesen<\/a><\/p>\n\t\t<\/div>\n\t\t\t\t\t\t\t\t<\/div>\n\t\t\t\t<\/div>\n\t\t\t<\/div>\n\t\t<\/div>\n\t\t\t\t<div class=\" sp-pcp-col-xs-1 sp-pcp-col-sm-2 sp-pcp-col-md-3 sp-pcp-col-lg-4 sp-pcp-col-xl-3\">\n\t\t\t<div class=\"sp-pcp-post default pcp-item-491\" data-id=\"491\">\n\t\t\t\t\t\t\t\t<div class=\"pcp-post-thumb-wrapper\">\n\t\t\t\t\t<div class=\"sp-pcp-post-thumb-area\">\n\t\t\t\t\t\t\t\t\t\t\t\t<a class=\"sp-pcp-thumb\" href=\"https:\/\/friedenskreis.de\/?p=491\" target=\"_self\" >\n\t\t\t\t\t\t\t\t\t\t\t\t\t<img src=\"https:\/\/friedenskreis.de\/wp-content\/uploads\/2024\/11\/Nachtwei-Video.jpg\" width=\"399\" height=\"325\" alt=\"\">\n\t\t\t\t\t\t<\/a>\n\t\t\t\t\t<\/div>\n\t\t\t\t<\/div>\n\t\t\t\t\t\t\t\t<div class=\"sp-pcp-post-details\">\n\t\t\t\t\t<div class=\"sp-pcp-post-details-content\">\n\t\t\t\t\t\t\t\t<h2 class=\"sp-pcp-title\">\n\t\t\t\t\t\t\t\t\t<a href=\"https:\/\/friedenskreis.de\/?p=491\"  target=\"_self\">Beitritt der Gemeinde Havixbeck zum Riga-Komitee<\/a>\t\t\t\t\t\t\t<\/h2>\n\t\t\t\t\t\t<div class=\"sp-pcp-post-content\">\n\t\t\t<p>Havixbeck. Auch die Gemeinde Havixbeck wird dem Riga-Komitee beitreten. Schon vor ein paar Wochen stellte der Friedenskreis an der Anne-Frank-Gesamtschule diesen Antrag, der im Gemeinderat wohlwollend aufgenommen wurde. Der Wortlaut: \u201eHavixbeck tritt dem Riga-Komitee bei &#8211; getragen von dem Willen, die Erinnerung an die ermordeten B\u00fcrgerinnen und B\u00fcrger dauerhaft zu bewahren und ihrer zu gedenken, &hellip; <\/p>\n<p class=\"link-more\"><a href=\"https:\/\/friedenskreis.de\/?p=491\" class=\"more-link\"><span class=\"screen-reader-text\">\u201eBeitritt der Gemeinde Havixbeck zum Riga-Komitee\u201c<\/span> weiterlesen<\/a><\/p>\n\t\t<\/div>\n\t\t\t\t\t\t\t\t<\/div>\n\t\t\t\t<\/div>\n\t\t\t<\/div>\n\t\t<\/div>\n\t\t\t<\/div>\n\t\t<span class=\"sp-pcp-pagination-data\" style=\"display:none;\"><\/span>\n\n\t\t<nav class=\"pcp-post-pagination pcp-on-desktop\">\n\t\t\t\t\t<\/nav>\n\t\t\t\t\t<nav class=\"pcp-post-pagination pcp-on-mobile\">\n\t\t\t\t\t<\/nav>\n\t\t\t\t<\/div>\n\n<\/div>\n<\/div>\n\n\n\n<div class=\"wp-block-image\"><figure class=\"alignright size-medium is-resized\"><a href=\"www.fi-nottuln.de\"><img loading=\"lazy\" src=\"https:\/\/friedenskreis.de\/wp-content\/uploads\/2021\/10\/FI-Logo-300x163.jpg\" alt=\"\" class=\"wp-image-114\" width=\"150\" height=\"82\" srcset=\"https:\/\/friedenskreis.de\/wp-content\/uploads\/2021\/10\/FI-Logo-300x163.jpg 300w, https:\/\/friedenskreis.de\/wp-content\/uploads\/2021\/10\/FI-Logo-1024x555.jpg 1024w, https:\/\/friedenskreis.de\/wp-content\/uploads\/2021\/10\/FI-Logo-768x416.jpg 768w, https:\/\/friedenskreis.de\/wp-content\/uploads\/2021\/10\/FI-Logo.jpg 1306w\" sizes=\"(max-width: 150px) 100vw, 150px\" \/><\/a><\/figure><\/div>\n\n\n\n<p class=\"has-text-align-right has-medium-font-size\"><a href=\"http:\/\/www.fi-nottuln.de\"><strong>Friedensinitiative Nottuln <\/strong><\/a><\/p>\n\n\n\n<p class=\"has-text-align-right\">Unsere Partnerorganisation in Nottuln<\/p>\n\n\n\n<p><\/p>\n","protected":false},"excerpt":{"rendered":"<p>Der Friedenskreis an der Anne-Frank-Gesamtschule Havixbeck-Billerbeck ist ein seit Jahrzehnten bestehender Zusammenschluss von B\u00fcrgerInnen des Ortes, der Themen aus den Bereichen Frieden, sozialer Gerechtigkeit und nachhaltiger Entwicklung aufgreift. Friedensinitiative Nottuln Unsere Partnerorganisation in Nottuln<\/p>\n","protected":false},"author":1,"featured_media":0,"parent":0,"menu_order":0,"comment_status":"closed","ping_status":"open","template":"","meta":[],"_links":{"self":[{"href":"https:\/\/friedenskreis.de\/index.php?rest_route=\/wp\/v2\/pages\/2"}],"collection":[{"href":"https:\/\/friedenskreis.de\/index.php?rest_route=\/wp\/v2\/pages"}],"about":[{"href":"https:\/\/friedenskreis.de\/index.php?rest_route=\/wp\/v2\/types\/page"}],"author":[{"embeddable":true,"href":"https:\/\/friedenskreis.de\/index.php?rest_route=\/wp\/v2\/users\/1"}],"replies":[{"embeddable":true,"href":"https:\/\/friedenskreis.de\/index.php?rest_route=%2Fwp%2Fv2%2Fcomments&post=2"}],"version-history":[{"count":14,"href":"https:\/\/friedenskreis.de\/index.php?rest_route=\/wp\/v2\/pages\/2\/revisions"}],"predecessor-version":[{"id":503,"href":"https:\/\/friedenskreis.de\/index.php?rest_route=\/wp\/v2\/pages\/2\/revisions\/503"}],"wp:attachment":[{"href":"https:\/\/friedenskreis.de\/index.php?rest_route=%2Fwp%2Fv2%2Fmedia&parent=2"}],"curies":[{"name":"wp","href":"https:\/\/api.w.org\/{rel}","templated":true}]}}