{"id":198,"date":"2021-11-24T13:40:08","date_gmt":"2021-11-24T13:40:08","guid":{"rendered":"https:\/\/friedenskreis.de\/?page_id=198"},"modified":"2021-11-24T13:40:08","modified_gmt":"2021-11-24T13:40:08","slug":"impressum","status":"publish","type":"page","link":"https:\/\/friedenskreis.de\/?page_id=198","title":{"rendered":"Impressum"},"content":{"rendered":"\n<p>Friedenskreis an der Anne-Frank-Gesamtschule e.V. (FK)<\/p>\n\n\n\n<p>(V.i.S.d.P.) Robert H\u00fclsbusch <\/p>\n\n\n\n<p><strong>Kontakt:<\/strong><br>E-Mail: info@fi-nottuln.de<br>Telefon: 02502-9754<\/p>\n\n\n\n<p><strong>Registergericht:<\/strong> Amtsgericht<br><strong>Vereinsregisternummer:<\/strong> Vereinsregister<\/p>\n\n\n\n<p>Dieses Impressum gilt f\u00fcr www.friedenskreis.de sowie alle Social-Media-Auftritte und Kampagnen- sowie Aktions-Websites des Friedenskreises an der AFG.<\/p>\n\n\n\n<p>F\u00fcr die Inhalte namentlich gekennzeichneter Beitr\u00e4ge auf der Homepage der FK ist allein der Autor\/die Autorin verantwortlich, sie spiegeln nicht zwingend die Meinung des ganzen FK, seiner Gliederungen oder aller seiner Mitglieder wider. F\u00fcr den Inhalt extern verlinkter Seiten k\u00f6nnen wir keine Verantwortung \u00fcbernehmen und sind wir nicht verantwortlich.<\/p>\n\n\n\n<p>Der FK beharrt auch bei der Ver\u00f6ffentlichung von Positionen von au\u00dferhalb des FK auf die Gewaltfreiheit ihres Wirkens, distanziert sich von Positionen, die den selbstverst\u00e4ndlichen Grunds\u00e4tzen der Antikriegs- und Friedensbewegung widersprechen und bekr\u00e4ftigt die Ablehnung sexistischer, rassistischer, faschistischer und militaristischer Positionen. Sollten Sie meinen, auf den Seiten des FK diesen Grunds\u00e4tzen widersprechende oder gesetzeswidrige Inhalte oder Verlinkungen gefunden zu haben, bitten wir Sie um einen kurzen Hinweis, damit wir diese pr\u00fcfen und ggf. entfernen k\u00f6nnen.<\/p>\n\n\n\n<p>Abweichende Meinung oder etwas anzumerken? Sollte irgendjemand einen Fehler auf unseren Internet- oder Social-Media-Auftritten finden, sollte jemand der Ansicht sein, unsere Darstellungen seien zu tendenzi\u00f6s und zu kritisch, sollte gar jemand sich beleidigt oder verleumdet f\u00fchlen (was niemals unsere Absicht war und ist), so bitten wir ihn, sich umgehend an uns zu wenden und in die Diskussion einzusteigen. Wir freuen uns \u00fcber jede Resonanz, gerade auch \u00fcber kritische Reaktionen, gehen auf Kritik und Verbesserungs-Hinweise ein und l\u00f6schen im Falle von Fehlern sogar Inhalte. Wir \u00fcberpr\u00fcfen unsere Standpunkte st\u00e4ndig und h\u00f6ren gerne andere, hoffentlich neue Argumente.<\/p>\n","protected":false},"excerpt":{"rendered":"<p>Friedenskreis an der Anne-Frank-Gesamtschule e.V. (FK) (V.i.S.d.P.) Robert H\u00fclsbusch Kontakt:E-Mail: info@fi-nottuln.deTelefon: 02502-9754 Registergericht: AmtsgerichtVereinsregisternummer: Vereinsregister Dieses Impressum gilt f\u00fcr www.friedenskreis.de sowie alle Social-Media-Auftritte und Kampagnen- sowie Aktions-Websites des Friedenskreises an der AFG. F\u00fcr die Inhalte namentlich gekennzeichneter Beitr\u00e4ge auf der Homepage der FK ist allein der Autor\/die Autorin verantwortlich, sie spiegeln nicht zwingend die Meinung &hellip; <\/p>\n<p class=\"link-more\"><a href=\"https:\/\/friedenskreis.de\/?page_id=198\" class=\"more-link\"><span class=\"screen-reader-text\">\u201eImpressum\u201c<\/span> weiterlesen<\/a><\/p>\n","protected":false},"author":1,"featured_media":0,"parent":0,"menu_order":0,"comment_status":"closed","ping_status":"closed","template":"","meta":[],"_links":{"self":[{"href":"https:\/\/friedenskreis.de\/index.php?rest_route=\/wp\/v2\/pages\/198"}],"collection":[{"href":"https:\/\/friedenskreis.de\/index.php?rest_route=\/wp\/v2\/pages"}],"about":[{"href":"https:\/\/friedenskreis.de\/index.php?rest_route=\/wp\/v2\/types\/page"}],"author":[{"embeddable":true,"href":"https:\/\/friedenskreis.de\/index.php?rest_route=\/wp\/v2\/users\/1"}],"replies":[{"embeddable":true,"href":"https:\/\/friedenskreis.de\/index.php?rest_route=%2Fwp%2Fv2%2Fcomments&post=198"}],"version-history":[{"count":1,"href":"https:\/\/friedenskreis.de\/index.php?rest_route=\/wp\/v2\/pages\/198\/revisions"}],"predecessor-version":[{"id":200,"href":"https:\/\/friedenskreis.de\/index.php?rest_route=\/wp\/v2\/pages\/198\/revisions\/200"}],"wp:attachment":[{"href":"https:\/\/friedenskreis.de\/index.php?rest_route=%2Fwp%2Fv2%2Fmedia&parent=198"}],"curies":[{"name":"wp","href":"https:\/\/api.w.org\/{rel}","templated":true}]}}